{"id":5111,"date":"2019-02-21T15:51:23","date_gmt":"2019-02-21T18:51:23","guid":{"rendered":"http:\/\/nuevo.biznet.cl\/?page_id=5111"},"modified":"2023-05-02T20:36:29","modified_gmt":"2023-05-02T23:36:29","slug":"quimica","status":"publish","type":"page","link":"http:\/\/www.biznet.cl\/?page_id=5111","title":{"rendered":"Qu\u00edmica"},"content":{"rendered":"\t\t<div data-elementor-type=\"wp-post\" data-elementor-id=\"5111\" class=\"elementor elementor-5111\" data-elementor-settings=\"[]\">\n\t\t\t\t\t\t<div class=\"elementor-inner\">\n\t\t\t\t\t\t\t<div class=\"elementor-section-wrap\">\n\t\t\t\t\t\t\t<section class=\"elementor-section elementor-top-section elementor-element elementor-element-zztxpbm elementor-section-full_width elementor-section-height-default elementor-section-height-default default-style\" data-id=\"zztxpbm\" data-element_type=\"section\" data-settings=\"{&quot;rt_color_sets&quot;:&quot;default-style&quot;}\">\n\t\t\t\t\t\t<div class=\"elementor-container elementor-column-gap-no\">\n\t\t\t\t\t\t\t<div class=\"elementor-row\">\n\t\t\t\t\t<div class=\"elementor-column elementor-col-100 elementor-top-column elementor-element elementor-element-jstolhl\" data-id=\"jstolhl\" data-element_type=\"column\">\n\t\t\t<div class=\"elementor-column-wrap elementor-element-populated\">\n\t\t\t\t\t\t\t<div class=\"elementor-widget-wrap\">\n\t\t\t\t\t\t<div class=\"elementor-element elementor-element-cqdgedk elementor-widget elementor-widget-wp-widget-rev-slider-widget\" data-id=\"cqdgedk\" data-element_type=\"widget\" data-widget_type=\"wp-widget-rev-slider-widget.default\">\n\t\t\t\t<div class=\"elementor-widget-container\">\n\t\t\t<link href=\"http:\/\/fonts.googleapis.com\/css?family=Fira+Sans:700\" rel=\"stylesheet\" property=\"stylesheet\" type=\"text\/css\" media=\"all\">\n<div id=\"rev_slider_30_1_wrapper\" class=\"rev_slider_wrapper fullwidthbanner-container\" data-source=\"gallery\" style=\"margin:0px auto;background:transparent;padding:0px;margin-top:0px;margin-bottom:0px;\">\n<!-- START REVOLUTION SLIDER 5.4.8.1 fullwidth mode -->\n\t<div id=\"rev_slider_30_1\" class=\"rev_slider fullwidthabanner\" style=\"display:none;\" data-version=\"5.4.8.1\">\n<ul>\t<!-- SLIDE  -->\n\t<li data-index=\"rs-100\" data-transition=\"fade\" data-slotamount=\"default\" data-hideafterloop=\"0\" data-hideslideonmobile=\"off\"  data-easein=\"default\" data-easeout=\"default\" data-masterspeed=\"default\"  data-thumb=\"http:\/\/www.biznet.cl\/wp-content\/uploads\/2019\/02\/Webpage-biznet-gestor-documental-100x50.jpg\"  data-delay=\"13990\"  data-rotate=\"0\"  data-saveperformance=\"off\"  data-invisible=\"true\"  data-title=\"Slide\" data-param1=\"\" data-param2=\"\" data-param3=\"\" data-param4=\"\" data-param5=\"\" data-param6=\"\" data-param7=\"\" data-param8=\"\" data-param9=\"\" data-param10=\"\" data-description=\"\">\n\t\t<!-- MAIN IMAGE -->\n\t\t<img loading=\"lazy\" src=\"http:\/\/www.biznet.cl\/wp-content\/plugins\/revslider\/admin\/assets\/images\/dummy.png\"  alt=\"\" title=\"Webpage biznet gestor documental\"  width=\"2880\" height=\"1800\" data-lazyload=\"http:\/\/www.biznet.cl\/wp-content\/uploads\/2019\/02\/Webpage-biznet-gestor-documental.jpg\" data-bgposition=\"center center\" data-bgfit=\"cover\" data-bgrepeat=\"no-repeat\" data-bgparallax=\"7\" class=\"rev-slidebg\" data-no-retina>\n\t\t<!-- LAYERS -->\n\n\t\t<!-- LAYER NR. 1 -->\n\t\t<div class=\"tp-caption tp-shape tp-shapewrapper  tp-resizeme\" \n\t\t\t id=\"slide-100-layer-10\" \n\t\t\t data-x=\"['left','left','left','left']\" data-hoffset=\"['59','3','2','3']\" \n\t\t\t data-y=\"['top','top','top','top']\" data-voffset=\"['-23','36','399','319']\" \n\t\t\t\t\t\tdata-width=\"['120','120','80','80']\"\n\t\t\tdata-height=\"['120','120','80','80']\"\n\t\t\tdata-whitespace=\"nowrap\"\n \n\t\t\tdata-type=\"shape\" \n\t\t\tdata-responsive_offset=\"on\" \n\n\t\t\tdata-frames='[{\"delay\":330,\"speed\":430,\"frame\":\"0\",\"from\":\"opacity:0;\",\"to\":\"o:1;\",\"ease\":\"Power3.easeInOut\"},{\"delay\":\"wait\",\"speed\":300,\"frame\":\"999\",\"to\":\"opacity:0;\",\"ease\":\"Power3.easeInOut\"}]'\n\t\t\tdata-textAlign=\"['inherit','inherit','inherit','inherit']\"\n\t\t\tdata-paddingtop=\"[0,0,0,0]\"\n\t\t\tdata-paddingright=\"[0,0,0,0]\"\n\t\t\tdata-paddingbottom=\"[0,0,0,0]\"\n\t\t\tdata-paddingleft=\"[0,0,0,0]\"\n\n\t\t\tstyle=\"z-index: 5;background-color:rgba(0,0,0,0.35);\"> <\/div>\n\n\t\t<!-- LAYER NR. 2 -->\n\t\t<div class=\"tp-caption   tp-resizeme\" \n\t\t\t id=\"slide-100-layer-11\" \n\t\t\t data-x=\"['left','left','left','left']\" data-hoffset=\"['59','3','2','3']\" \n\t\t\t data-y=\"['top','top','top','top']\" data-voffset=\"['6','36','399','319']\" \n\t\t\t\t\t\tdata-width=\"34\"\n\t\t\tdata-height=\"none\"\n\t\t\tdata-whitespace=\"nowrap\"\n \n\t\t\tdata-type=\"text\" \n\t\t\tdata-responsive_offset=\"on\" \n\n\t\t\tdata-frames='[{\"delay\":370,\"speed\":430,\"frame\":\"0\",\"from\":\"opacity:0;\",\"to\":\"o:1;\",\"ease\":\"Power3.easeInOut\"},{\"delay\":\"wait\",\"speed\":300,\"frame\":\"999\",\"to\":\"opacity:0;\",\"ease\":\"Power3.easeInOut\"}]'\n\t\t\tdata-textAlign=\"['center','center','center','center']\"\n\t\t\tdata-paddingtop=\"[0,0,0,0]\"\n\t\t\tdata-paddingright=\"[0,0,0,0]\"\n\t\t\tdata-paddingbottom=\"[0,0,0,0]\"\n\t\t\tdata-paddingleft=\"[0,0,0,0]\"\n\n\t\t\tstyle=\"z-index: 6; min-width: 34px; max-width: 34px; white-space: nowrap; font-size: 20px; line-height: 34px; font-weight: 700; color: #ffffff; letter-spacing: 0px;font-family:Fira Sans;background-color:rgb(206,27,40);\">10 <\/div>\n\n\t\t<!-- LAYER NR. 3 -->\n\t\t<div class=\"tp-caption   tp-resizeme\" \n\t\t\t id=\"slide-100-layer-8\" \n\t\t\t data-x=\"['left','center','center','center']\" data-hoffset=\"['111','-9','21','-2']\" \n\t\t\t data-y=\"['top','top','top','top']\" data-voffset=\"['49','80','446','367']\" \n\t\t\t\t\t\tdata-fontsize=\"['48','48','38','28']\"\n\t\t\tdata-lineheight=\"['48','48','38','28']\"\n\t\t\tdata-color=\"['rgb(0,0,0)','rgb(0,0,0)','rgb(255,255,255)','rgb(255,255,255)']\"\n\t\t\tdata-width=\"['797','797','690','499']\"\n\t\t\tdata-height=\"['none','none','77','78']\"\n\t\t\tdata-whitespace=\"normal\"\n \n\t\t\tdata-type=\"text\" \n\t\t\tdata-responsive_offset=\"on\" \n\n\t\t\tdata-frames='[{\"delay\":430,\"speed\":700,\"frame\":\"0\",\"from\":\"y:[100%];z:0;rX:0deg;rY:0;rZ:0;sX:1;sY:1;skX:0;skY:0;opacity:0;\",\"to\":\"o:1;\",\"ease\":\"Power4.easeInOut\"},{\"delay\":\"wait\",\"speed\":300,\"frame\":\"999\",\"to\":\"opacity:0;\",\"ease\":\"Power3.easeInOut\"}]'\n\t\t\tdata-textAlign=\"['inherit','inherit','inherit','inherit']\"\n\t\t\tdata-paddingtop=\"[0,0,0,0]\"\n\t\t\tdata-paddingright=\"[0,0,0,0]\"\n\t\t\tdata-paddingbottom=\"[0,0,0,0]\"\n\t\t\tdata-paddingleft=\"[0,0,0,0]\"\n\n\t\t\tstyle=\"z-index: 7; min-width: 797px; max-width: 797px; white-space: normal; font-size: 48px; line-height: 48px; font-weight: 700; color: #000000; letter-spacing: 0px;font-family:Fira Sans;\">Qu\u00edmica <\/div>\n\n\t\t<!-- LAYER NR. 4 -->\n\t\t<div class=\"tp-caption   tp-resizeme\" \n\t\t\t id=\"slide-100-layer-12\" \n\t\t\t data-x=\"['left','center','center','center']\" data-hoffset=\"['116','-7','21','-2']\" \n\t\t\t data-y=\"['top','top','top','top']\" data-voffset=\"['43','85','446','367']\" \n\t\t\t\t\t\tdata-fontsize=\"['48','48','38','28']\"\n\t\t\tdata-lineheight=\"['48','48','38','28']\"\n\t\t\tdata-width=\"['797','797','690','499']\"\n\t\t\tdata-height=\"['none','none','77','78']\"\n\t\t\tdata-whitespace=\"normal\"\n \n\t\t\tdata-type=\"text\" \n\t\t\tdata-responsive_offset=\"on\" \n\n\t\t\tdata-frames='[{\"delay\":430,\"speed\":700,\"frame\":\"0\",\"from\":\"y:[100%];z:0;rX:0deg;rY:0;rZ:0;sX:1;sY:1;skX:0;skY:0;opacity:0;\",\"to\":\"o:1;\",\"ease\":\"Power4.easeInOut\"},{\"delay\":\"wait\",\"speed\":300,\"frame\":\"999\",\"to\":\"opacity:0;\",\"ease\":\"Power3.easeInOut\"}]'\n\t\t\tdata-textAlign=\"['inherit','inherit','inherit','inherit']\"\n\t\t\tdata-paddingtop=\"[0,0,0,0]\"\n\t\t\tdata-paddingright=\"[0,0,0,0]\"\n\t\t\tdata-paddingbottom=\"[0,0,0,0]\"\n\t\t\tdata-paddingleft=\"[0,0,0,0]\"\n\n\t\t\tstyle=\"z-index: 8; min-width: 797px; max-width: 797px; white-space: normal; font-size: 48px; line-height: 48px; font-weight: 700; color: #ffffff; letter-spacing: 0px;font-family:Fira Sans;\">Qu\u00edmica <\/div>\n\t<\/li>\n<\/ul>\n<div style=\"\" class=\"tp-static-layers\">\n\n\t\t<!-- LAYER NR. 5 -->\n\t\t<div class=\"tp-caption   tp-resizeme  rev-custom-arrow tp-static-layer\" \n\t\t\t id=\"slider-30-layer-15\" \n\t\t\t data-x=\"['left','left','left','left']\" data-hoffset=\"['1178','910','918','918']\" \n\t\t\t data-y=\"['top','top','top','top']\" data-voffset=\"['442','492','492','492']\" \n\t\t\t\t\t\tdata-width=\"none\"\n\t\t\tdata-height=\"none\"\n\t\t\tdata-whitespace=\"nowrap\"\n\t\t\tdata-visibility=\"['on','on','off','off']\"\n \n\t\t\tdata-type=\"text\" \n\t\t\tdata-actions='[{\"event\":\"click\",\"action\":\"jumptoslide\",\"slide\":\"next\",\"delay\":\"\"}]'\n\t\t\tdata-responsive_offset=\"on\" \n\n\t\t\tdata-startslide=\"-1\" \n\t\t\tdata-endslide=\"-1\" \n\t\t\tdata-frames='[{\"delay\":\"sliderenter\",\"speed\":300,\"frame\":\"0\",\"from\":\"opacity:0;\",\"to\":\"o:1;\",\"ease\":\"Power3.easeInOut\"},{\"delay\":\"sliderleave\",\"speed\":300,\"frame\":\"999\",\"to\":\"opacity:0;\",\"ease\":\"Power3.easeInOut\"}]'\n\t\t\tdata-textAlign=\"['inherit','inherit','inherit','inherit']\"\n\t\t\tdata-paddingtop=\"[0,0,0,0]\"\n\t\t\tdata-paddingright=\"[0,0,0,0]\"\n\t\t\tdata-paddingbottom=\"[0,0,0,0]\"\n\t\t\tdata-paddingleft=\"[0,0,0,0]\"\n\n\t\t\tstyle=\"z-index: 17; white-space: nowrap; font-size: 20px; line-height: 22px; font-weight: 400; color: #ffffff; letter-spacing: 0px;background-color:rgb(206,27,40);\"><svg style=\"display:block;\" xmlns=\"http:\/\/www.w3.org\/2000\/svg\" width=\"40\" height=\"40\" viewBox=\"0 0 24 24\"><path d=\"M8.59 16.34l4.58-4.59-4.58-4.59L10 5.75l6 6-6 6z\" fill=\"#fff\"><\/path><\/svg> <\/div>\n\n\t\t<!-- LAYER NR. 6 -->\n\t\t<div class=\"tp-caption   tp-resizeme  rev-custom-arrow tp-static-layer\" \n\t\t\t id=\"slider-30-layer-16\" \n\t\t\t data-x=\"['left','left','left','left']\" data-hoffset=\"['1132','910','918','918']\" \n\t\t\t data-y=\"['top','top','top','top']\" data-voffset=\"['442','442','442','442']\" \n\t\t\t\t\t\tdata-width=\"none\"\n\t\t\tdata-height=\"none\"\n\t\t\tdata-whitespace=\"nowrap\"\n\t\t\tdata-visibility=\"['on','on','off','off']\"\n \n\t\t\tdata-type=\"text\" \n\t\t\tdata-actions='[{\"event\":\"click\",\"action\":\"jumptoslide\",\"slide\":\"previous\",\"delay\":\"\"}]'\n\t\t\tdata-responsive_offset=\"on\" \n\n\t\t\tdata-startslide=\"-1\" \n\t\t\tdata-endslide=\"-1\" \n\t\t\tdata-frames='[{\"delay\":\"sliderenter\",\"speed\":300,\"frame\":\"0\",\"from\":\"opacity:0;\",\"to\":\"o:1;\",\"ease\":\"Power3.easeInOut\"},{\"delay\":\"sliderleave\",\"speed\":300,\"frame\":\"999\",\"to\":\"opacity:0;\",\"ease\":\"Power3.easeInOut\"}]'\n\t\t\tdata-textAlign=\"['inherit','inherit','inherit','inherit']\"\n\t\t\tdata-paddingtop=\"[0,0,0,0]\"\n\t\t\tdata-paddingright=\"[0,0,0,0]\"\n\t\t\tdata-paddingbottom=\"[0,0,0,0]\"\n\t\t\tdata-paddingleft=\"[0,0,0,0]\"\n\n\t\t\tstyle=\"z-index: 18; white-space: nowrap; font-size: 20px; line-height: 22px; font-weight: 400; color: #ffffff; letter-spacing: 0px;background-color:rgb(206,27,40);\"><svg style=\"display:block;\" xmlns=\"http:\/\/www.w3.org\/2000\/svg\" width=\"40\" height=\"40\" viewBox=\"0 0 24 24\"><path d=\"M15.41 16.09l-4.58-4.59 4.58-4.59L14 5.5l-6 6 6 6z\" fill=\"#fff\"><\/path><\/svg> <\/div>\n<\/div>\n<div class=\"tp-bannertimer tp-bottom\" style=\"visibility: hidden !important;\"><\/div>\t<\/div>\n<script>var htmlDiv = document.getElementById(\"rs-plugin-settings-inline-css\"); var htmlDivCss=\"\";\r\n\t\t\t\tif(htmlDiv) {\r\n\t\t\t\t\thtmlDiv.innerHTML = htmlDiv.innerHTML + htmlDivCss;\r\n\t\t\t\t}else{\r\n\t\t\t\t\tvar htmlDiv = document.createElement(\"div\");\r\n\t\t\t\t\thtmlDiv.innerHTML = \"<style>\" + htmlDivCss + \"<\/style>\";\r\n\t\t\t\t\tdocument.getElementsByTagName(\"head\")[0].appendChild(htmlDiv.childNodes[0]);\r\n\t\t\t\t}\r\n\t\t\t<\/script>\n\t\t<script type=\"text\/javascript\">\r\nif (setREVStartSize!==undefined) setREVStartSize(\r\n\t{c: '#rev_slider_30_1', responsiveLevels: [1240,1025,778,480], gridwidth: [1220,960,768,600], gridheight: [700,700,500,400], sliderLayout: 'fullwidth'});\r\n\t\t\t\r\nvar revapi30,\r\n\ttpj;\t\r\n(function() {\t\t\t\r\n\tif (!\/loaded|interactive|complete\/.test(document.readyState)) document.addEventListener(\"DOMContentLoaded\",onLoad); else onLoad();\t\r\n\tfunction onLoad() {\t\t\t\t\r\n\t\tif (tpj===undefined) { tpj = jQuery; if(\"off\" == \"on\") tpj.noConflict();}\r\n\tif(tpj(\"#rev_slider_30_1\").revolution == undefined){\n\t\trevslider_showDoubleJqueryError(\"#rev_slider_30_1\");\n\t}else{\n\t\trevapi30 = tpj(\"#rev_slider_30_1\").show().revolution({\n\t\t\tsliderType:\"hero\",\n\t\t\tjsFileLocation:\"\/\/www.biznet.cl\/wp-content\/plugins\/revslider\/public\/assets\/js\/\",\n\t\t\tsliderLayout:\"fullwidth\",\n\t\t\tdottedOverlay:\"none\",\n\t\t\tdelay:9000,\n\t\t\tresponsiveLevels:[1240,1025,778,480],\n\t\t\tvisibilityLevels:[1240,1025,778,480],\n\t\t\tgridwidth:[1220,960,768,600],\n\t\t\tgridheight:[700,700,500,400],\n\t\t\tlazyType:\"smart\",\n\t\t\tparallax: {\n\t\t\t\ttype:\"mouse\",\n\t\t\t\torigo:\"slidercenter\",\n\t\t\t\tspeed:2000,\n\t\t\t\tspeedbg:0,\n\t\t\t\tspeedls:0,\n\t\t\t\tlevels:[2,3,4,5,6,7,12,16,10,50,47,48,49,50,51,55],\n\t\t\t},\n\t\t\tshadow:0,\n\t\t\tspinner:\"spinner2\",\n\t\t\tautoHeight:\"off\",\n\t\t\tdisableProgressBar:\"on\",\n\t\t\thideThumbsOnMobile:\"off\",\n\t\t\thideSliderAtLimit:0,\n\t\t\thideCaptionAtLimit:0,\n\t\t\thideAllCaptionAtLilmit:0,\n\t\t\tdebugMode:false,\n\t\t\tfallbacks: {\n\t\t\t\tsimplifyAll:\"off\",\n\t\t\t\tdisableFocusListener:false,\n\t\t\t}\n\t\t});\n\t}; \/* END OF revapi call *\/\n\t\n }; \/* END OF ON LOAD FUNCTION *\/\r\n}()); \/* END OF WRAPPING FUNCTION *\/\r\n<\/script>\r\n\t\t<script>\r\n\t\t\t\t\tvar htmlDivCss = ' #rev_slider_30_1_wrapper .tp-loader.spinner2{ background-color: rgba(0, 0, 0, 0.3) !important; } ';\r\n\t\t\t\t\tvar htmlDiv = document.getElementById('rs-plugin-settings-inline-css');\r\n\t\t\t\t\tif(htmlDiv) {\r\n\t\t\t\t\t\thtmlDiv.innerHTML = htmlDiv.innerHTML + htmlDivCss;\r\n\t\t\t\t\t}\r\n\t\t\t\t\telse{\r\n\t\t\t\t\t\tvar htmlDiv = document.createElement('div');\r\n\t\t\t\t\t\thtmlDiv.innerHTML = '<style>' + htmlDivCss + '<\/style>';\r\n\t\t\t\t\t\tdocument.getElementsByTagName('head')[0].appendChild(htmlDiv.childNodes[0]);\r\n\t\t\t\t\t}\r\n\t\t\t\t\t<\/script>\r\n\t\t\t\t\t<script>\r\n\t\t\t\t\tvar htmlDivCss = unescape(\".custom.tparrows.tp-leftarrow%3Abefore%2C.custom.tparrows.tp-rightarrow%3Abefore%7B%0Afont-family%3A%22rtui%22%20%21important%3B%0Afont-size%3A40px%20%21important%3B%0Abackground%3Atransparent%20%21important%3B%0A%7D%0A%20%20%20%20%20%20%20%20%0A.custom.tparrows%7B%0Abackground%3Atransparent%20%21important%3B%0A%7D%0A%20%20%20%20%20%20%20%20%0A.custom.tparrows.tp-leftarrow%3Abefore%7B%0Acontent%3A%22%5C60%22%20%21important%3B%0A%7D%0A%0A.custom.tparrows.tp-rightarrow%3Abefore%7B%0Acontent%3A%22%5C6d%22%20%21important%3B%0A%7D%0A%0A.custom.tparrows.tp-leftarrow.dark%3Abefore%2C.custom.tparrows.tp-rightarrow.dark%3Abefore%7B%0Acolor%3A%23000%20%21important%3B%0A%7D%0A%0A.custom.tparrows.tp-leftarrow.light%3Abefore%2C.custom.tparrows.tp-rightarrow.light%3Abefore%7B%0Acolor%3A%23fff%20%21important%3B%0A%7D%0A%0A.rev-scroll-btn%7B%0A%20%20%20%20opacity%3A%200.4%20%21important%3B%20%20%0A%7D%0A.rev-scroll-btn%20span%20%7B%0A%20%20%20%20height%3A%206px%3B%0A%20%20%20%20width%3A%203px%3B%0A%20%20%20%20border-radius%3A%200%3B%0A%20%20%20%20left%3A%20calc%2850%25%20%2B%202px%29%3B%20%20%20%20%0A%7D%0A%0A.rev-custom-arrow%7B%0A%09color%3A%23fff%3B%0A%20%20%20%20display%3Ablock%3B%0A%20%20%20%20height%3A40px%3B%0A%20%20%20%20width%3A40px%3B%0A%20%20%20%20cursor%3Apointer%3B%0A%7D%0A%0A.rev-custom-arrow%3Ahover%7B%0A%09opacity%3A0.8%20%21important%3B%0A%7D\");\r\n\t\t\t\t\tvar htmlDiv = document.getElementById('rs-plugin-settings-inline-css');\r\n\t\t\t\t\tif(htmlDiv) {\r\n\t\t\t\t\t\thtmlDiv.innerHTML = htmlDiv.innerHTML + htmlDivCss;\r\n\t\t\t\t\t}\r\n\t\t\t\t\telse{\r\n\t\t\t\t\t\tvar htmlDiv = document.createElement('div');\r\n\t\t\t\t\t\thtmlDiv.innerHTML = '<style>' + htmlDivCss + '<\/style>';\r\n\t\t\t\t\t\tdocument.getElementsByTagName('head')[0].appendChild(htmlDiv.childNodes[0]);\r\n\t\t\t\t\t}\r\n\t\t\t\t  <\/script><\/div><!-- END REVOLUTION SLIDER -->\t\t<\/div>\n\t\t\t\t<\/div>\n\t\t\t\t\t\t<\/div>\n\t\t\t\t\t<\/div>\n\t\t<\/div>\n\t\t\t\t\t\t\t\t<\/div>\n\t\t\t\t\t<\/div>\n\t\t<\/section>\n\t\t\t\t<section class=\"elementor-section elementor-top-section elementor-element elementor-element-noqqzit elementor-section-content-middle elementor-section-boxed elementor-section-height-default elementor-section-height-default default-style\" data-id=\"noqqzit\" data-element_type=\"section\" data-settings=\"{&quot;rt_color_sets&quot;:&quot;default-style&quot;}\">\n\t\t\t\t\t\t<div class=\"elementor-container elementor-column-gap-default\">\n\t\t\t\t\t\t\t<div class=\"elementor-row\">\n\t\t\t\t\t<div class=\"elementor-column elementor-col-100 elementor-top-column elementor-element elementor-element-txdqhzi\" data-id=\"txdqhzi\" data-element_type=\"column\">\n\t\t\t<div class=\"elementor-column-wrap elementor-element-populated\">\n\t\t\t\t\t\t\t<div class=\"elementor-widget-wrap\">\n\t\t\t\t\t\t<div class=\"elementor-element elementor-element-miysurl elementor-widget elementor-widget-rt-heading\" data-id=\"miysurl\" data-element_type=\"widget\" data-widget_type=\"rt-heading.default\">\n\t\t\t\t<div class=\"elementor-widget-container\">\n\t\t\t<div class=\"rt-heading-wrapper style-1\">\n\t\t\t\t\t\t<span class=\"punchline\">Tecnolog\u00eda<\/span><H3 class=\"rt-heading style-1 with_punchline\" >QU\u00cdMICA<\/H3>\n\t\t\t\t\t<\/div>\t\t<\/div>\n\t\t\t\t<\/div>\n\t\t\t\t<div class=\"elementor-element elementor-element-cfufcbl elementor-widget elementor-widget-text-editor\" data-id=\"cfufcbl\" data-element_type=\"widget\" data-widget_type=\"text-editor.default\">\n\t\t\t\t<div class=\"elementor-widget-container\">\n\t\t\t\t\t<div class=\"elementor-text-editor elementor-clearfix\"><p style=\"border: 0px solid #d9d9e3; --tw-border-spacing-x: 0; --tw-border-spacing-y: 0; --tw-translate-x: 0; --tw-translate-y: 0; --tw-rotate: 0; --tw-skew-x: 0; --tw-skew-y: 0; --tw-scale-x: 1; --tw-scale-y: 1; --tw-scroll-snap-strictness: proximity; --tw-ring-offset-width: 0px; --tw-ring-offset-color: #fff; --tw-ring-color: rgba(59,130,246,0.5); --tw-ring-offset-shadow: 0 0 transparent; --tw-ring-shadow: 0 0 transparent; --tw-shadow: 0 0 transparent; --tw-shadow-colored: 0 0 transparent; margin-bottom: 1.25em; color: #374151; font-family: S\u00f6hne, ui-sans-serif, system-ui, -apple-system, 'Segoe UI', Roboto, Ubuntu, Cantarell, 'Noto Sans', sans-serif, 'Helvetica Neue', Arial, 'Apple Color Emoji', 'Segoe UI Emoji', 'Segoe UI Symbol', 'Noto Color Emoji'; white-space: pre-wrap; background-color: #f7f7f8;\">BIZNET ofrece un servicio tecnol\u00f3gico de soluciones integradas para la industria qu\u00edmica, con el objetivo de optimizar sus procesos y mejorar su eficiencia. A trav\u00e9s de la implementaci\u00f3n de tecnolog\u00edas avanzadas, como el Internet de las cosas (IoT), la inteligencia artificial (IA) y el an\u00e1lisis de datos, podemos ayudar a las empresas qu\u00edmicas a monitorear y controlar sus procesos de producci\u00f3n, mejorar la calidad de sus productos y reducir costos.<\/p><p style=\"border: 0px solid #d9d9e3; --tw-border-spacing-x: 0; --tw-border-spacing-y: 0; --tw-translate-x: 0; --tw-translate-y: 0; --tw-rotate: 0; --tw-skew-x: 0; --tw-skew-y: 0; --tw-scale-x: 1; --tw-scale-y: 1; --tw-scroll-snap-strictness: proximity; --tw-ring-offset-width: 0px; --tw-ring-offset-color: #fff; --tw-ring-color: rgba(59,130,246,0.5); --tw-ring-offset-shadow: 0 0 transparent; --tw-ring-shadow: 0 0 transparent; --tw-shadow: 0 0 transparent; --tw-shadow-colored: 0 0 transparent; margin-top: 1.25em; margin-bottom: 1.25em; color: #374151; font-family: S\u00f6hne, ui-sans-serif, system-ui, -apple-system, 'Segoe UI', Roboto, Ubuntu, Cantarell, 'Noto Sans', sans-serif, 'Helvetica Neue', Arial, 'Apple Color Emoji', 'Segoe UI Emoji', 'Segoe UI Symbol', 'Noto Color Emoji'; white-space: pre-wrap; background-color: #f7f7f8;\">Nuestros servicios incluyen la implementaci\u00f3n de sistemas de monitoreo y control de procesos, an\u00e1lisis de datos en tiempo real para detectar patrones y tendencias, y soluciones de automatizaci\u00f3n para mejorar la eficiencia operativa. Adem\u00e1s, ofrecemos servicios de consultor\u00eda para ayudar a las empresas qu\u00edmicas a identificar y abordar desaf\u00edos espec\u00edficos de su industria.<\/p><p style=\"border: 0px solid #d9d9e3; --tw-border-spacing-x: 0; --tw-border-spacing-y: 0; --tw-translate-x: 0; --tw-translate-y: 0; --tw-rotate: 0; --tw-skew-x: 0; --tw-skew-y: 0; --tw-scale-x: 1; --tw-scale-y: 1; --tw-scroll-snap-strictness: proximity; --tw-ring-offset-width: 0px; --tw-ring-offset-color: #fff; --tw-ring-color: rgba(59,130,246,0.5); --tw-ring-offset-shadow: 0 0 transparent; --tw-ring-shadow: 0 0 transparent; --tw-shadow: 0 0 transparent; --tw-shadow-colored: 0 0 transparent; margin-top: 1.25em; margin-bottom: 0px; color: #374151; font-family: S\u00f6hne, ui-sans-serif, system-ui, -apple-system, 'Segoe UI', Roboto, Ubuntu, Cantarell, 'Noto Sans', sans-serif, 'Helvetica Neue', Arial, 'Apple Color Emoji', 'Segoe UI Emoji', 'Segoe UI Symbol', 'Noto Color Emoji'; white-space: pre-wrap; background-color: #f7f7f8;\">En BIZNET, nos enfocamos en brindar soluciones tecnol\u00f3gicas personalizadas para cada cliente, adapt\u00e1ndonos a sus necesidades y requisitos espec\u00edficos. Con nuestro enfoque en la innovaci\u00f3n y la excelencia en el servicio, somos el socio ideal para las empresas qu\u00edmicas que buscan mejorar su competitividad y crecer en el mercado.<\/p><\/div>\n\t\t\t\t<\/div>\n\t\t\t\t<\/div>\n\t\t\t\t\t\t<\/div>\n\t\t\t\t\t<\/div>\n\t\t<\/div>\n\t\t\t\t\t\t\t\t<\/div>\n\t\t\t\t\t<\/div>\n\t\t<\/section>\n\t\t\t\t<section class=\"elementor-section elementor-top-section elementor-element elementor-element-68b7c76 elementor-section-boxed elementor-section-height-default elementor-section-height-default default-style\" data-id=\"68b7c76\" data-element_type=\"section\" data-settings=\"{&quot;rt_color_sets&quot;:&quot;default-style&quot;}\">\n\t\t\t\t\t\t<div class=\"elementor-container elementor-column-gap-default\">\n\t\t\t\t\t\t\t<div class=\"elementor-row\">\n\t\t\t\t\t<div class=\"elementor-column elementor-col-100 elementor-top-column elementor-element elementor-element-07937cf\" data-id=\"07937cf\" data-element_type=\"column\">\n\t\t\t<div class=\"elementor-column-wrap elementor-element-populated\">\n\t\t\t\t\t\t\t<div class=\"elementor-widget-wrap\">\n\t\t\t\t\t\t<div class=\"elementor-element elementor-element-a2f3ad6 elementor-widget elementor-widget-spacer\" data-id=\"a2f3ad6\" data-element_type=\"widget\" data-widget_type=\"spacer.default\">\n\t\t\t\t<div class=\"elementor-widget-container\">\n\t\t\t\t\t<div class=\"elementor-spacer\">\n\t\t\t<div class=\"elementor-spacer-inner\"><\/div>\n\t\t<\/div>\n\t\t\t\t<\/div>\n\t\t\t\t<\/div>\n\t\t\t\t\t\t<\/div>\n\t\t\t\t\t<\/div>\n\t\t<\/div>\n\t\t\t\t\t\t\t\t<\/div>\n\t\t\t\t\t<\/div>\n\t\t<\/section>\n\t\t\t\t\t\t<\/div>\n\t\t\t\t\t\t<\/div>\n\t\t\t\t\t<\/div>\n\t\t","protected":false},"excerpt":{"rendered":"<p>Tecnolog\u00edaQU\u00cdMICA BIZNET ofrece un servicio tecnol\u00f3gico de soluciones integradas para la industria qu\u00edmica, con el objetivo de optimizar sus procesos y mejorar su eficiencia. A trav\u00e9s de la implementaci\u00f3n de tecnolog\u00edas avanzadas, como el Internet de las cosas (IoT), la inteligencia artificial (IA) y el an\u00e1lisis de datos, podemos ayudar a las empresas qu\u00edmicas a [&hellip;]<\/p>\n","protected":false},"author":1,"featured_media":0,"parent":0,"menu_order":0,"comment_status":"closed","ping_status":"closed","template":"","meta":[],"_links":{"self":[{"href":"http:\/\/www.biznet.cl\/index.php?rest_route=\/wp\/v2\/pages\/5111"}],"collection":[{"href":"http:\/\/www.biznet.cl\/index.php?rest_route=\/wp\/v2\/pages"}],"about":[{"href":"http:\/\/www.biznet.cl\/index.php?rest_route=\/wp\/v2\/types\/page"}],"author":[{"embeddable":true,"href":"http:\/\/www.biznet.cl\/index.php?rest_route=\/wp\/v2\/users\/1"}],"replies":[{"embeddable":true,"href":"http:\/\/www.biznet.cl\/index.php?rest_route=%2Fwp%2Fv2%2Fcomments&post=5111"}],"version-history":[{"count":6,"href":"http:\/\/www.biznet.cl\/index.php?rest_route=\/wp\/v2\/pages\/5111\/revisions"}],"predecessor-version":[{"id":5389,"href":"http:\/\/www.biznet.cl\/index.php?rest_route=\/wp\/v2\/pages\/5111\/revisions\/5389"}],"wp:attachment":[{"href":"http:\/\/www.biznet.cl\/index.php?rest_route=%2Fwp%2Fv2%2Fmedia&parent=5111"}],"curies":[{"name":"wp","href":"https:\/\/api.w.org\/{rel}","templated":true}]}}