{"id":5054,"date":"2019-02-20T11:21:20","date_gmt":"2019-02-20T14:21:20","guid":{"rendered":"http:\/\/nuevo.biznet.cl\/?page_id=5054"},"modified":"2023-05-02T20:48:10","modified_gmt":"2023-05-02T23:48:10","slug":"consultoria","status":"publish","type":"page","link":"http:\/\/www.biznet.cl\/?page_id=5054","title":{"rendered":"Consultor\u00eda"},"content":{"rendered":"\t\t<div data-elementor-type=\"wp-post\" data-elementor-id=\"5054\" class=\"elementor elementor-5054\" data-elementor-settings=\"[]\">\n\t\t\t\t\t\t<div class=\"elementor-inner\">\n\t\t\t\t\t\t\t<div class=\"elementor-section-wrap\">\n\t\t\t\t\t\t\t<section class=\"elementor-section elementor-top-section elementor-element elementor-element-zztxpbm elementor-section-full_width elementor-section-height-default elementor-section-height-default default-style\" data-id=\"zztxpbm\" data-element_type=\"section\" data-settings=\"{&quot;rt_color_sets&quot;:&quot;default-style&quot;}\">\n\t\t\t\t\t\t<div class=\"elementor-container elementor-column-gap-no\">\n\t\t\t\t\t\t\t<div class=\"elementor-row\">\n\t\t\t\t\t<div class=\"elementor-column elementor-col-100 elementor-top-column elementor-element elementor-element-jstolhl\" data-id=\"jstolhl\" data-element_type=\"column\">\n\t\t\t<div class=\"elementor-column-wrap elementor-element-populated\">\n\t\t\t\t\t\t\t<div class=\"elementor-widget-wrap\">\n\t\t\t\t\t\t<div class=\"elementor-element elementor-element-cqdgedk elementor-widget elementor-widget-wp-widget-rev-slider-widget\" data-id=\"cqdgedk\" data-element_type=\"widget\" data-widget_type=\"wp-widget-rev-slider-widget.default\">\n\t\t\t\t<div class=\"elementor-widget-container\">\n\t\t\t<link href=\"http:\/\/fonts.googleapis.com\/css?family=Fira+Sans:700\" rel=\"stylesheet\" property=\"stylesheet\" type=\"text\/css\" media=\"all\">\n<div id=\"rev_slider_15_1_wrapper\" class=\"rev_slider_wrapper fullwidthbanner-container\" data-source=\"gallery\" style=\"margin:0px auto;background:transparent;padding:0px;margin-top:0px;margin-bottom:0px;\">\n<!-- START REVOLUTION SLIDER 5.4.8.1 fullwidth mode -->\n\t<div id=\"rev_slider_15_1\" class=\"rev_slider fullwidthabanner\" style=\"display:none;\" data-version=\"5.4.8.1\">\n<ul>\t<!-- SLIDE  -->\n\t<li data-index=\"rs-49\" data-transition=\"fade\" data-slotamount=\"default\" data-hideafterloop=\"0\" data-hideslideonmobile=\"off\"  data-easein=\"default\" data-easeout=\"default\" data-masterspeed=\"default\"  data-thumb=\"http:\/\/www.biznet.cl\/wp-content\/uploads\/2019\/02\/Webpage-biznet-consultor\u00eda-2-100x50.jpg\"  data-delay=\"13990\"  data-rotate=\"0\"  data-saveperformance=\"off\"  data-invisible=\"true\"  data-title=\"Slide\" data-param1=\"\" data-param2=\"\" data-param3=\"\" data-param4=\"\" data-param5=\"\" data-param6=\"\" data-param7=\"\" data-param8=\"\" data-param9=\"\" data-param10=\"\" data-description=\"\">\n\t\t<!-- MAIN IMAGE -->\n\t\t<img loading=\"lazy\" src=\"http:\/\/www.biznet.cl\/wp-content\/plugins\/revslider\/admin\/assets\/images\/dummy.png\"  alt=\"\" title=\"Webpage biznet consultor\u00eda 2\"  width=\"2880\" height=\"1800\" data-lazyload=\"http:\/\/www.biznet.cl\/wp-content\/uploads\/2019\/02\/Webpage-biznet-consultor\u00eda-2.jpg\" data-bgposition=\"center center\" data-bgfit=\"cover\" data-bgrepeat=\"no-repeat\" data-bgparallax=\"7\" class=\"rev-slidebg\" data-no-retina>\n\t\t<!-- LAYERS -->\n\n\t\t<!-- LAYER NR. 1 -->\n\t\t<div class=\"tp-caption tp-shape tp-shapewrapper  tp-resizeme\" \n\t\t\t id=\"slide-49-layer-10\" \n\t\t\t data-x=\"['left','left','left','left']\" data-hoffset=\"['59','3','2','3']\" \n\t\t\t data-y=\"['top','top','top','top']\" data-voffset=\"['-23','36','399','319']\" \n\t\t\t\t\t\tdata-width=\"['120','120','80','80']\"\n\t\t\tdata-height=\"['120','120','80','80']\"\n\t\t\tdata-whitespace=\"nowrap\"\n \n\t\t\tdata-type=\"shape\" \n\t\t\tdata-responsive_offset=\"on\" \n\n\t\t\tdata-frames='[{\"delay\":330,\"speed\":430,\"frame\":\"0\",\"from\":\"opacity:0;\",\"to\":\"o:1;\",\"ease\":\"Power3.easeInOut\"},{\"delay\":\"wait\",\"speed\":300,\"frame\":\"999\",\"to\":\"opacity:0;\",\"ease\":\"Power3.easeInOut\"}]'\n\t\t\tdata-textAlign=\"['inherit','inherit','inherit','inherit']\"\n\t\t\tdata-paddingtop=\"[0,0,0,0]\"\n\t\t\tdata-paddingright=\"[0,0,0,0]\"\n\t\t\tdata-paddingbottom=\"[0,0,0,0]\"\n\t\t\tdata-paddingleft=\"[0,0,0,0]\"\n\n\t\t\tstyle=\"z-index: 5;background-color:rgba(0,0,0,0.35);\"> <\/div>\n\n\t\t<!-- LAYER NR. 2 -->\n\t\t<div class=\"tp-caption   tp-resizeme\" \n\t\t\t id=\"slide-49-layer-11\" \n\t\t\t data-x=\"['left','left','left','left']\" data-hoffset=\"['59','3','2','3']\" \n\t\t\t data-y=\"['top','top','top','top']\" data-voffset=\"['7','36','399','319']\" \n\t\t\t\t\t\tdata-width=\"34\"\n\t\t\tdata-height=\"none\"\n\t\t\tdata-whitespace=\"nowrap\"\n \n\t\t\tdata-type=\"text\" \n\t\t\tdata-responsive_offset=\"on\" \n\n\t\t\tdata-frames='[{\"delay\":370,\"speed\":430,\"frame\":\"0\",\"from\":\"opacity:0;\",\"to\":\"o:1;\",\"ease\":\"Power3.easeInOut\"},{\"delay\":\"wait\",\"speed\":300,\"frame\":\"999\",\"to\":\"opacity:0;\",\"ease\":\"Power3.easeInOut\"}]'\n\t\t\tdata-textAlign=\"['center','center','center','center']\"\n\t\t\tdata-paddingtop=\"[0,0,0,0]\"\n\t\t\tdata-paddingright=\"[0,0,0,0]\"\n\t\t\tdata-paddingbottom=\"[0,0,0,0]\"\n\t\t\tdata-paddingleft=\"[0,0,0,0]\"\n\n\t\t\tstyle=\"z-index: 6; min-width: 34px; max-width: 34px; white-space: nowrap; font-size: 20px; line-height: 34px; font-weight: 700; color: #ffffff; letter-spacing: 0px;font-family:Fira Sans;background-color:rgb(206,27,40);\">07 <\/div>\n\n\t\t<!-- LAYER NR. 3 -->\n\t\t<div class=\"tp-caption   tp-resizeme\" \n\t\t\t id=\"slide-49-layer-8\" \n\t\t\t data-x=\"['left','center','center','center']\" data-hoffset=\"['111','-9','21','-2']\" \n\t\t\t data-y=\"['top','top','top','top']\" data-voffset=\"['49','80','446','367']\" \n\t\t\t\t\t\tdata-fontsize=\"['48','48','38','28']\"\n\t\t\tdata-lineheight=\"['48','48','38','28']\"\n\t\t\tdata-color=\"['rgb(0,0,0)','rgb(0,0,0)','rgb(255,255,255)','rgb(255,255,255)']\"\n\t\t\tdata-width=\"['797','797','690','499']\"\n\t\t\tdata-height=\"['none','none','77','78']\"\n\t\t\tdata-whitespace=\"normal\"\n \n\t\t\tdata-type=\"text\" \n\t\t\tdata-responsive_offset=\"on\" \n\n\t\t\tdata-frames='[{\"delay\":430,\"speed\":700,\"frame\":\"0\",\"from\":\"y:[100%];z:0;rX:0deg;rY:0;rZ:0;sX:1;sY:1;skX:0;skY:0;opacity:0;\",\"to\":\"o:1;\",\"ease\":\"Power4.easeInOut\"},{\"delay\":\"wait\",\"speed\":300,\"frame\":\"999\",\"to\":\"opacity:0;\",\"ease\":\"Power3.easeInOut\"}]'\n\t\t\tdata-textAlign=\"['inherit','inherit','inherit','inherit']\"\n\t\t\tdata-paddingtop=\"[0,0,0,0]\"\n\t\t\tdata-paddingright=\"[0,0,0,0]\"\n\t\t\tdata-paddingbottom=\"[0,0,0,0]\"\n\t\t\tdata-paddingleft=\"[0,0,0,0]\"\n\n\t\t\tstyle=\"z-index: 7; min-width: 797px; max-width: 797px; white-space: normal; font-size: 48px; line-height: 48px; font-weight: 700; color: #000000; letter-spacing: 0px;font-family:Fira Sans;\">CONSULTOR\u00cdA <\/div>\n\n\t\t<!-- LAYER NR. 4 -->\n\t\t<div class=\"tp-caption   tp-resizeme\" \n\t\t\t id=\"slide-49-layer-12\" \n\t\t\t data-x=\"['left','center','center','center']\" data-hoffset=\"['116','-7','21','-2']\" \n\t\t\t data-y=\"['top','top','top','top']\" data-voffset=\"['43','85','446','367']\" \n\t\t\t\t\t\tdata-fontsize=\"['48','48','38','28']\"\n\t\t\tdata-lineheight=\"['48','48','38','28']\"\n\t\t\tdata-width=\"['797','797','690','499']\"\n\t\t\tdata-height=\"['none','none','77','78']\"\n\t\t\tdata-whitespace=\"normal\"\n \n\t\t\tdata-type=\"text\" \n\t\t\tdata-responsive_offset=\"on\" \n\n\t\t\tdata-frames='[{\"delay\":430,\"speed\":700,\"frame\":\"0\",\"from\":\"y:[100%];z:0;rX:0deg;rY:0;rZ:0;sX:1;sY:1;skX:0;skY:0;opacity:0;\",\"to\":\"o:1;\",\"ease\":\"Power4.easeInOut\"},{\"delay\":\"wait\",\"speed\":300,\"frame\":\"999\",\"to\":\"opacity:0;\",\"ease\":\"Power3.easeInOut\"}]'\n\t\t\tdata-textAlign=\"['inherit','inherit','inherit','inherit']\"\n\t\t\tdata-paddingtop=\"[0,0,0,0]\"\n\t\t\tdata-paddingright=\"[0,0,0,0]\"\n\t\t\tdata-paddingbottom=\"[0,0,0,0]\"\n\t\t\tdata-paddingleft=\"[0,0,0,0]\"\n\n\t\t\tstyle=\"z-index: 8; min-width: 797px; max-width: 797px; white-space: normal; font-size: 48px; line-height: 48px; font-weight: 700; color: #ffffff; letter-spacing: 0px;font-family:Fira Sans;\">CONSULTOR\u00cdA <\/div>\n\t<\/li>\n<\/ul>\n<div style=\"\" class=\"tp-static-layers\">\n\n\t\t<!-- LAYER NR. 5 -->\n\t\t<div class=\"tp-caption   tp-resizeme  rev-custom-arrow tp-static-layer\" \n\t\t\t id=\"slider-15-layer-15\" \n\t\t\t data-x=\"['left','left','left','left']\" data-hoffset=\"['1178','910','918','918']\" \n\t\t\t data-y=\"['top','top','top','top']\" data-voffset=\"['442','492','492','492']\" \n\t\t\t\t\t\tdata-width=\"none\"\n\t\t\tdata-height=\"none\"\n\t\t\tdata-whitespace=\"nowrap\"\n\t\t\tdata-visibility=\"['on','on','off','off']\"\n \n\t\t\tdata-type=\"text\" \n\t\t\tdata-actions='[{\"event\":\"click\",\"action\":\"jumptoslide\",\"slide\":\"next\",\"delay\":\"\"}]'\n\t\t\tdata-responsive_offset=\"on\" \n\n\t\t\tdata-startslide=\"-1\" \n\t\t\tdata-endslide=\"-1\" \n\t\t\tdata-frames='[{\"delay\":\"sliderenter\",\"speed\":300,\"frame\":\"0\",\"from\":\"opacity:0;\",\"to\":\"o:1;\",\"ease\":\"Power3.easeInOut\"},{\"delay\":\"sliderleave\",\"speed\":300,\"frame\":\"999\",\"to\":\"opacity:0;\",\"ease\":\"Power3.easeInOut\"}]'\n\t\t\tdata-textAlign=\"['inherit','inherit','inherit','inherit']\"\n\t\t\tdata-paddingtop=\"[0,0,0,0]\"\n\t\t\tdata-paddingright=\"[0,0,0,0]\"\n\t\t\tdata-paddingbottom=\"[0,0,0,0]\"\n\t\t\tdata-paddingleft=\"[0,0,0,0]\"\n\n\t\t\tstyle=\"z-index: 17; white-space: nowrap; font-size: 20px; line-height: 22px; font-weight: 400; color: #ffffff; letter-spacing: 0px;background-color:rgb(206,27,40);\"><svg style=\"display:block;\" xmlns=\"http:\/\/www.w3.org\/2000\/svg\" width=\"40\" height=\"40\" viewBox=\"0 0 24 24\"><path d=\"M8.59 16.34l4.58-4.59-4.58-4.59L10 5.75l6 6-6 6z\" fill=\"#fff\"><\/path><\/svg> <\/div>\n\n\t\t<!-- LAYER NR. 6 -->\n\t\t<div class=\"tp-caption   tp-resizeme  rev-custom-arrow tp-static-layer\" \n\t\t\t id=\"slider-15-layer-16\" \n\t\t\t data-x=\"['left','left','left','left']\" data-hoffset=\"['1132','910','918','918']\" \n\t\t\t data-y=\"['top','top','top','top']\" data-voffset=\"['442','442','442','442']\" \n\t\t\t\t\t\tdata-width=\"none\"\n\t\t\tdata-height=\"none\"\n\t\t\tdata-whitespace=\"nowrap\"\n\t\t\tdata-visibility=\"['on','on','off','off']\"\n \n\t\t\tdata-type=\"text\" \n\t\t\tdata-actions='[{\"event\":\"click\",\"action\":\"jumptoslide\",\"slide\":\"previous\",\"delay\":\"\"}]'\n\t\t\tdata-responsive_offset=\"on\" \n\n\t\t\tdata-startslide=\"-1\" \n\t\t\tdata-endslide=\"-1\" \n\t\t\tdata-frames='[{\"delay\":\"sliderenter\",\"speed\":300,\"frame\":\"0\",\"from\":\"opacity:0;\",\"to\":\"o:1;\",\"ease\":\"Power3.easeInOut\"},{\"delay\":\"sliderleave\",\"speed\":300,\"frame\":\"999\",\"to\":\"opacity:0;\",\"ease\":\"Power3.easeInOut\"}]'\n\t\t\tdata-textAlign=\"['inherit','inherit','inherit','inherit']\"\n\t\t\tdata-paddingtop=\"[0,0,0,0]\"\n\t\t\tdata-paddingright=\"[0,0,0,0]\"\n\t\t\tdata-paddingbottom=\"[0,0,0,0]\"\n\t\t\tdata-paddingleft=\"[0,0,0,0]\"\n\n\t\t\tstyle=\"z-index: 18; white-space: nowrap; font-size: 20px; line-height: 22px; font-weight: 400; color: #ffffff; letter-spacing: 0px;background-color:rgb(206,27,40);\"><svg style=\"display:block;\" xmlns=\"http:\/\/www.w3.org\/2000\/svg\" width=\"40\" height=\"40\" viewBox=\"0 0 24 24\"><path d=\"M15.41 16.09l-4.58-4.59 4.58-4.59L14 5.5l-6 6 6 6z\" fill=\"#fff\"><\/path><\/svg> <\/div>\n<\/div>\n<div class=\"tp-bannertimer tp-bottom\" style=\"visibility: hidden !important;\"><\/div>\t<\/div>\n<script>var htmlDiv = document.getElementById(\"rs-plugin-settings-inline-css\"); var htmlDivCss=\"\";\r\n\t\t\t\tif(htmlDiv) {\r\n\t\t\t\t\thtmlDiv.innerHTML = htmlDiv.innerHTML + htmlDivCss;\r\n\t\t\t\t}else{\r\n\t\t\t\t\tvar htmlDiv = document.createElement(\"div\");\r\n\t\t\t\t\thtmlDiv.innerHTML = \"<style>\" + htmlDivCss + \"<\/style>\";\r\n\t\t\t\t\tdocument.getElementsByTagName(\"head\")[0].appendChild(htmlDiv.childNodes[0]);\r\n\t\t\t\t}\r\n\t\t\t<\/script>\n\t\t<script type=\"text\/javascript\">\r\nif (setREVStartSize!==undefined) setREVStartSize(\r\n\t{c: '#rev_slider_15_1', responsiveLevels: [1240,1025,778,480], gridwidth: [1220,960,768,600], gridheight: [700,700,500,400], sliderLayout: 'fullwidth'});\r\n\t\t\t\r\nvar revapi15,\r\n\ttpj;\t\r\n(function() {\t\t\t\r\n\tif (!\/loaded|interactive|complete\/.test(document.readyState)) document.addEventListener(\"DOMContentLoaded\",onLoad); else onLoad();\t\r\n\tfunction onLoad() {\t\t\t\t\r\n\t\tif (tpj===undefined) { tpj = jQuery; if(\"off\" == \"on\") tpj.noConflict();}\r\n\tif(tpj(\"#rev_slider_15_1\").revolution == undefined){\n\t\trevslider_showDoubleJqueryError(\"#rev_slider_15_1\");\n\t}else{\n\t\trevapi15 = tpj(\"#rev_slider_15_1\").show().revolution({\n\t\t\tsliderType:\"hero\",\n\t\t\tjsFileLocation:\"\/\/www.biznet.cl\/wp-content\/plugins\/revslider\/public\/assets\/js\/\",\n\t\t\tsliderLayout:\"fullwidth\",\n\t\t\tdottedOverlay:\"none\",\n\t\t\tdelay:9000,\n\t\t\tresponsiveLevels:[1240,1025,778,480],\n\t\t\tvisibilityLevels:[1240,1025,778,480],\n\t\t\tgridwidth:[1220,960,768,600],\n\t\t\tgridheight:[700,700,500,400],\n\t\t\tlazyType:\"smart\",\n\t\t\tparallax: {\n\t\t\t\ttype:\"mouse\",\n\t\t\t\torigo:\"slidercenter\",\n\t\t\t\tspeed:2000,\n\t\t\t\tspeedbg:0,\n\t\t\t\tspeedls:0,\n\t\t\t\tlevels:[2,3,4,5,6,7,12,16,10,50,47,48,49,50,51,55],\n\t\t\t},\n\t\t\tshadow:0,\n\t\t\tspinner:\"spinner2\",\n\t\t\tautoHeight:\"off\",\n\t\t\tdisableProgressBar:\"on\",\n\t\t\thideThumbsOnMobile:\"off\",\n\t\t\thideSliderAtLimit:0,\n\t\t\thideCaptionAtLimit:0,\n\t\t\thideAllCaptionAtLilmit:0,\n\t\t\tdebugMode:false,\n\t\t\tfallbacks: {\n\t\t\t\tsimplifyAll:\"off\",\n\t\t\t\tdisableFocusListener:false,\n\t\t\t}\n\t\t});\n\t}; \/* END OF revapi call *\/\n\t\n }; \/* END OF ON LOAD FUNCTION *\/\r\n}()); \/* END OF WRAPPING FUNCTION *\/\r\n<\/script>\r\n\t\t<script>\r\n\t\t\t\t\tvar htmlDivCss = ' #rev_slider_15_1_wrapper .tp-loader.spinner2{ background-color: rgba(0, 0, 0, 0.3) !important; } ';\r\n\t\t\t\t\tvar htmlDiv = document.getElementById('rs-plugin-settings-inline-css');\r\n\t\t\t\t\tif(htmlDiv) {\r\n\t\t\t\t\t\thtmlDiv.innerHTML = htmlDiv.innerHTML + htmlDivCss;\r\n\t\t\t\t\t}\r\n\t\t\t\t\telse{\r\n\t\t\t\t\t\tvar htmlDiv = document.createElement('div');\r\n\t\t\t\t\t\thtmlDiv.innerHTML = '<style>' + htmlDivCss + '<\/style>';\r\n\t\t\t\t\t\tdocument.getElementsByTagName('head')[0].appendChild(htmlDiv.childNodes[0]);\r\n\t\t\t\t\t}\r\n\t\t\t\t\t<\/script>\r\n\t\t\t\t\t<script>\r\n\t\t\t\t\tvar htmlDivCss = unescape(\".custom.tparrows.tp-leftarrow%3Abefore%2C.custom.tparrows.tp-rightarrow%3Abefore%7B%0Afont-family%3A%22rtui%22%20%21important%3B%0Afont-size%3A40px%20%21important%3B%0Abackground%3Atransparent%20%21important%3B%0A%7D%0A%20%20%20%20%20%20%20%20%0A.custom.tparrows%7B%0Abackground%3Atransparent%20%21important%3B%0A%7D%0A%20%20%20%20%20%20%20%20%0A.custom.tparrows.tp-leftarrow%3Abefore%7B%0Acontent%3A%22%5C60%22%20%21important%3B%0A%7D%0A%0A.custom.tparrows.tp-rightarrow%3Abefore%7B%0Acontent%3A%22%5C6d%22%20%21important%3B%0A%7D%0A%0A.custom.tparrows.tp-leftarrow.dark%3Abefore%2C.custom.tparrows.tp-rightarrow.dark%3Abefore%7B%0Acolor%3A%23000%20%21important%3B%0A%7D%0A%0A.custom.tparrows.tp-leftarrow.light%3Abefore%2C.custom.tparrows.tp-rightarrow.light%3Abefore%7B%0Acolor%3A%23fff%20%21important%3B%0A%7D%0A%0A.rev-scroll-btn%7B%0A%20%20%20%20opacity%3A%200.4%20%21important%3B%20%20%0A%7D%0A.rev-scroll-btn%20span%20%7B%0A%20%20%20%20height%3A%206px%3B%0A%20%20%20%20width%3A%203px%3B%0A%20%20%20%20border-radius%3A%200%3B%0A%20%20%20%20left%3A%20calc%2850%25%20%2B%202px%29%3B%20%20%20%20%0A%7D%0A%0A.rev-custom-arrow%7B%0A%09color%3A%23fff%3B%0A%20%20%20%20display%3Ablock%3B%0A%20%20%20%20height%3A40px%3B%0A%20%20%20%20width%3A40px%3B%0A%20%20%20%20cursor%3Apointer%3B%0A%7D%0A%0A.rev-custom-arrow%3Ahover%7B%0A%09opacity%3A0.8%20%21important%3B%0A%7D\");\r\n\t\t\t\t\tvar htmlDiv = document.getElementById('rs-plugin-settings-inline-css');\r\n\t\t\t\t\tif(htmlDiv) {\r\n\t\t\t\t\t\thtmlDiv.innerHTML = htmlDiv.innerHTML + htmlDivCss;\r\n\t\t\t\t\t}\r\n\t\t\t\t\telse{\r\n\t\t\t\t\t\tvar htmlDiv = document.createElement('div');\r\n\t\t\t\t\t\thtmlDiv.innerHTML = '<style>' + htmlDivCss + '<\/style>';\r\n\t\t\t\t\t\tdocument.getElementsByTagName('head')[0].appendChild(htmlDiv.childNodes[0]);\r\n\t\t\t\t\t}\r\n\t\t\t\t  <\/script><\/div><!-- END REVOLUTION SLIDER -->\t\t<\/div>\n\t\t\t\t<\/div>\n\t\t\t\t\t\t<\/div>\n\t\t\t\t\t<\/div>\n\t\t<\/div>\n\t\t\t\t\t\t\t\t<\/div>\n\t\t\t\t\t<\/div>\n\t\t<\/section>\n\t\t\t\t<section class=\"elementor-section elementor-top-section elementor-element elementor-element-noqqzit elementor-section-content-middle elementor-section-boxed elementor-section-height-default elementor-section-height-default default-style\" data-id=\"noqqzit\" data-element_type=\"section\" data-settings=\"{&quot;rt_color_sets&quot;:&quot;default-style&quot;}\">\n\t\t\t\t\t\t<div class=\"elementor-container elementor-column-gap-default\">\n\t\t\t\t\t\t\t<div class=\"elementor-row\">\n\t\t\t\t\t<div class=\"elementor-column elementor-col-100 elementor-top-column elementor-element elementor-element-txdqhzi\" data-id=\"txdqhzi\" data-element_type=\"column\">\n\t\t\t<div class=\"elementor-column-wrap elementor-element-populated\">\n\t\t\t\t\t\t\t<div class=\"elementor-widget-wrap\">\n\t\t\t\t\t\t<div class=\"elementor-element elementor-element-miysurl elementor-widget elementor-widget-rt-heading\" data-id=\"miysurl\" data-element_type=\"widget\" data-widget_type=\"rt-heading.default\">\n\t\t\t\t<div class=\"elementor-widget-container\">\n\t\t\t<div class=\"rt-heading-wrapper style-1\">\n\t\t\t\t\t\t<H3 class=\"rt-heading style-1\" >CONSULTOR\u00cdA<\/H3>\n\t\t\t\t\t<\/div>\t\t<\/div>\n\t\t\t\t<\/div>\n\t\t\t\t<div class=\"elementor-element elementor-element-cfufcbl elementor-widget elementor-widget-text-editor\" data-id=\"cfufcbl\" data-element_type=\"widget\" data-widget_type=\"text-editor.default\">\n\t\t\t\t<div class=\"elementor-widget-container\">\n\t\t\t\t\t<div class=\"elementor-text-editor elementor-clearfix\"><p>En BIZNET, entendemos que cada empresa tiene necesidades y desaf\u00edos \u00fanicos en cuanto a la tecnolog\u00eda y la integraci\u00f3n de sistemas. Por ello, ofrecemos un servicio de consultor\u00eda tecnol\u00f3gica e integraci\u00f3n personalizado, adaptado a las necesidades espec\u00edficas de cada cliente.<\/p><p>Nuestro equipo de expertos en tecnolog\u00eda y sistemas trabaja mano a mano con los clientes para entender sus procesos y necesidades, y as\u00ed poder ofrecer soluciones tecnol\u00f3gicas innovadoras y efectivas. A trav\u00e9s de nuestro servicio de consultor\u00eda, podemos ayudar a las empresas a optimizar sus procesos y mejorar su productividad, mediante la implementaci\u00f3n de soluciones tecnol\u00f3gicas avanzadas y la integraci\u00f3n de sistemas.<\/p><p>Entre los servicios que ofrecemos en nuestra consultor\u00eda tecnol\u00f3gica e integraci\u00f3n, se incluyen:<\/p><ul><li>An\u00e1lisis y diagn\u00f3stico de procesos tecnol\u00f3gicos actuales de la empresa.<\/li><li>Desarrollo de estrategias y soluciones tecnol\u00f3gicas innovadoras y personalizadas.<\/li><li>Integraci\u00f3n de sistemas y aplicaciones de la empresa.<\/li><li>Soporte y asesoramiento en la implementaci\u00f3n y puesta en marcha de las soluciones tecnol\u00f3gicas.<\/li><\/ul><p>Nuestro objetivo es ayudar a las empresas a mejorar su eficiencia, productividad y rentabilidad, mediante la implementaci\u00f3n de soluciones tecnol\u00f3gicas y la integraci\u00f3n de sistemas. En BIZNET, nos enfocamos en trabajar de forma colaborativa con nuestros clientes, para asegurarnos de que las soluciones que proponemos se adapten a sus necesidades y logren los resultados deseados.<\/p><\/div>\n\t\t\t\t<\/div>\n\t\t\t\t<\/div>\n\t\t\t\t\t\t<\/div>\n\t\t\t\t\t<\/div>\n\t\t<\/div>\n\t\t\t\t\t\t\t\t<\/div>\n\t\t\t\t\t<\/div>\n\t\t<\/section>\n\t\t\t\t<section class=\"elementor-section elementor-top-section elementor-element elementor-element-68b7c76 elementor-section-boxed elementor-section-height-default elementor-section-height-default default-style\" data-id=\"68b7c76\" data-element_type=\"section\" data-settings=\"{&quot;rt_color_sets&quot;:&quot;default-style&quot;}\">\n\t\t\t\t\t\t<div class=\"elementor-container elementor-column-gap-default\">\n\t\t\t\t\t\t\t<div class=\"elementor-row\">\n\t\t\t\t\t<div class=\"elementor-column elementor-col-100 elementor-top-column elementor-element elementor-element-07937cf\" data-id=\"07937cf\" data-element_type=\"column\">\n\t\t\t<div class=\"elementor-column-wrap elementor-element-populated\">\n\t\t\t\t\t\t\t<div class=\"elementor-widget-wrap\">\n\t\t\t\t\t\t<div class=\"elementor-element elementor-element-ebff5ae elementor-widget elementor-widget-spacer\" data-id=\"ebff5ae\" data-element_type=\"widget\" data-widget_type=\"spacer.default\">\n\t\t\t\t<div class=\"elementor-widget-container\">\n\t\t\t\t\t<div class=\"elementor-spacer\">\n\t\t\t<div class=\"elementor-spacer-inner\"><\/div>\n\t\t<\/div>\n\t\t\t\t<\/div>\n\t\t\t\t<\/div>\n\t\t\t\t\t\t<\/div>\n\t\t\t\t\t<\/div>\n\t\t<\/div>\n\t\t\t\t\t\t\t\t<\/div>\n\t\t\t\t\t<\/div>\n\t\t<\/section>\n\t\t\t\t\t\t<\/div>\n\t\t\t\t\t\t<\/div>\n\t\t\t\t\t<\/div>\n\t\t","protected":false},"excerpt":{"rendered":"<p>CONSULTOR\u00cdA En BIZNET, entendemos que cada empresa tiene necesidades y desaf\u00edos \u00fanicos en cuanto a la tecnolog\u00eda y la integraci\u00f3n de sistemas. Por ello, ofrecemos un servicio de consultor\u00eda tecnol\u00f3gica e integraci\u00f3n personalizado, adaptado a las necesidades espec\u00edficas de cada cliente. Nuestro equipo de expertos en tecnolog\u00eda y sistemas trabaja mano a mano con los [&hellip;]<\/p>\n","protected":false},"author":1,"featured_media":0,"parent":0,"menu_order":0,"comment_status":"closed","ping_status":"closed","template":"","meta":[],"_links":{"self":[{"href":"http:\/\/www.biznet.cl\/index.php?rest_route=\/wp\/v2\/pages\/5054"}],"collection":[{"href":"http:\/\/www.biznet.cl\/index.php?rest_route=\/wp\/v2\/pages"}],"about":[{"href":"http:\/\/www.biznet.cl\/index.php?rest_route=\/wp\/v2\/types\/page"}],"author":[{"embeddable":true,"href":"http:\/\/www.biznet.cl\/index.php?rest_route=\/wp\/v2\/users\/1"}],"replies":[{"embeddable":true,"href":"http:\/\/www.biznet.cl\/index.php?rest_route=%2Fwp%2Fv2%2Fcomments&post=5054"}],"version-history":[{"count":13,"href":"http:\/\/www.biznet.cl\/index.php?rest_route=\/wp\/v2\/pages\/5054\/revisions"}],"predecessor-version":[{"id":5431,"href":"http:\/\/www.biznet.cl\/index.php?rest_route=\/wp\/v2\/pages\/5054\/revisions\/5431"}],"wp:attachment":[{"href":"http:\/\/www.biznet.cl\/index.php?rest_route=%2Fwp%2Fv2%2Fmedia&parent=5054"}],"curies":[{"name":"wp","href":"https:\/\/api.w.org\/{rel}","templated":true}]}}